{"id":3674,"date":"2023-10-11T10:02:20","date_gmt":"2023-10-11T10:02:20","guid":{"rendered":"https:\/\/brand.almapay.co\/vie-privee"},"modified":"2023-12-01T06:45:39","modified_gmt":"2023-12-01T06:45:39","slug":"confidentialite","status":"publish","type":"page","link":"https:\/\/brand.almapay.co\/fr\/confidentialite","title":{"rendered":"Confidentialit\u00e9"},"content":{"rendered":"<p><div class=\"fusion-fullwidth fullwidth-box fusion-builder-row-1 fusion-flex-container has-pattern-background has-mask-background hundred-percent-fullwidth non-hundred-percent-height-scrolling ctnr-hero-banner\" style=\"--awb-border-radius-top-left:0px;--awb-border-radius-top-right:0px;--awb-border-radius-bottom-right:0px;--awb-border-radius-bottom-left:0px;--awb-background-color:var(--awb-custom_color_1);--awb-flex-wrap:wrap;\" ><div class=\"fusion-builder-row fusion-row fusion-flex-align-items-center fusion-flex-content-wrap\" style=\"width:104% !important;max-width:104% !important;margin-left: calc(-4% \/ 2 );margin-right: calc(-4% \/ 2 );\"><div class=\"fusion-layout-column fusion_builder_column fusion-builder-column-0 fusion_builder_column_1_1 1_1 fusion-flex-column fusion-flex-align-self-center\" style=\"--awb-bg-size:cover;--awb-width-large:100%;--awb-margin-top-large:0px;--awb-spacing-right-large:1.92%;--awb-margin-bottom-large:0px;--awb-spacing-left-large:1.92%;--awb-width-medium:100%;--awb-order-medium:0;--awb-spacing-right-medium:1.92%;--awb-spacing-left-medium:1.92%;--awb-width-small:100%;--awb-order-small:0;--awb-spacing-right-small:1.92%;--awb-spacing-left-small:1.92%;\" data-scroll-devices=\"small-visibility,medium-visibility,large-visibility\"><div class=\"fusion-column-wrapper fusion-column-has-shadow fusion-flex-justify-content-center fusion-content-layout-column\"><div class=\"fusion-title title fusion-title-1 fusion-sep-none fusion-title-text fusion-title-size-one\" style=\"--awb-margin-top-small:0px;--awb-margin-right-small:0px;--awb-margin-bottom-small:20px;--awb-margin-left-small:0px;\"><h1 class=\"fusion-title-heading title-heading-left\" style=\"margin:0;\">Confidentialit\u00e9<\/h1><\/div><\/div><\/div><div class=\"fusion-layout-column fusion_builder_column fusion-builder-column-1 fusion_builder_column_1_1 1_1 fusion-flex-column fusion-flex-align-self-flex-start elmt-background\" style=\"--awb-bg-size:cover;--awb-width-large:100%;--awb-margin-top-large:0px;--awb-spacing-right-large:1.92%;--awb-margin-bottom-large:0px;--awb-spacing-left-large:1.92%;--awb-width-medium:100%;--awb-order-medium:0;--awb-spacing-right-medium:1.92%;--awb-spacing-left-medium:1.92%;--awb-width-small:100%;--awb-order-small:0;--awb-spacing-right-small:1.92%;--awb-spacing-left-small:1.92%;\" data-scroll-devices=\"small-visibility,medium-visibility,large-visibility\"><div class=\"fusion-column-wrapper fusion-column-has-shadow fusion-flex-justify-content-flex-start fusion-content-layout-column\"><div class=\"fusion-text fusion-text-1\"><p>Conf<br \/>\niden<\/p>\n<\/div><\/div><\/div><\/div><\/div><div class=\"fusion-fullwidth fullwidth-box fusion-builder-row-2 fusion-flex-container has-pattern-background has-mask-background nonhundred-percent-fullwidth non-hundred-percent-height-scrolling\" style=\"--awb-border-radius-top-left:0px;--awb-border-radius-top-right:0px;--awb-border-radius-bottom-right:0px;--awb-border-radius-bottom-left:0px;--awb-flex-wrap:wrap;\" ><div class=\"fusion-builder-row fusion-row fusion-flex-align-items-flex-start fusion-flex-content-wrap\" style=\"max-width:1144px;margin-left: calc(-4% \/ 2 );margin-right: calc(-4% \/ 2 );\"><div class=\"fusion-layout-column fusion_builder_column fusion-builder-column-2 fusion_builder_column_1_1 1_1 fusion-flex-column\" style=\"--awb-bg-size:cover;--awb-width-large:100%;--awb-margin-top-large:0px;--awb-spacing-right-large:1.92%;--awb-margin-bottom-large:0px;--awb-spacing-left-large:1.92%;--awb-width-medium:100%;--awb-order-medium:0;--awb-spacing-right-medium:1.92%;--awb-spacing-left-medium:1.92%;--awb-width-small:100%;--awb-order-small:0;--awb-spacing-right-small:1.92%;--awb-spacing-left-small:1.92%;\"><div class=\"fusion-column-wrapper fusion-column-has-shadow fusion-flex-justify-content-flex-start fusion-content-layout-column\"><div class=\"fusion-text fusion-text-2\"><p>Cette politique de confidentialit\u00e9 d\u00e9finit et vous informe de la mani\u00e8re dont Alma SAS, en tant que responsable du traitement, utilise et prot\u00e8ge les informations que vous fournissez lorsque vous utilisez brand.almapay.com (ci-apr\u00e8s d\u00e9nomm\u00e9 \u00a0\u00bb le Site \u00ab\u00a0).<\/p>\n<p>Cette politique de confidentialit\u00e9 peut \u00eatre modifi\u00e9e ou compl\u00e9t\u00e9e \u00e0 tout moment par Alma SAS. La date de mise \u00e0 jour sera express\u00e9ment sp\u00e9cifi\u00e9e. Ces modifications vous engagent \u00e0 partir de leur mise en ligne, et nous vous conseillons de les v\u00e9rifier r\u00e9guli\u00e8rement.<\/p>\n<p>En utilisant le site, vous acceptez express\u00e9ment notre politique de protection de la vie priv\u00e9e, d\u00e9clarant que vous en avez pleinement pris connaissance.<\/p>\n<ol>\n<li><strong>Informations collect\u00e9es<\/strong><\/li>\n<\/ol>\n<p>Alma SAS recueille des informations personnelles vous concernant lorsque vous vous inscrivez \u00e0 la newsletter ou lorsque vous soumettez un formulaire de contact. Les informations collect\u00e9es comprennent votre nom, votre pr\u00e9nom, votre adresse \u00e9lectronique et votre num\u00e9ro de t\u00e9l\u00e9phone. En outre, nous recevons et enregistrons automatiquement des informations provenant de votre ordinateur et de votre navigateur, y compris votre adresse IP lorsque vous visitez le site.<\/p>\n<ol start=\"2\">\n<li><strong>Objectifs de la collecte d&rsquo;informations<\/strong><\/li>\n<\/ol>\n<p>Toutes les informations que nous recueillons aupr\u00e8s de vous sont utilis\u00e9es pour :<\/p>\n<ul>\n<li>vous informer sur des produits, des programmes, des services et des promotions susceptibles de vous int\u00e9resser, sous r\u00e9serve de votre autorisation pr\u00e9alable,<\/li>\n<li>Am\u00e9liorer les performances de notre site,<\/li>\n<li>Personnaliser votre exp\u00e9rience sur le site et r\u00e9pondre \u00e0 vos besoins individuels.<\/li>\n<\/ul>\n<p>Ce traitement est n\u00e9cessaire \u00e0 l&rsquo;ex\u00e9cution de nos obligations contractuelles et est fond\u00e9 sur notre int\u00e9r\u00eat l\u00e9gitime \u00e0 am\u00e9liorer nos services et \u00e0 comprendre les attentes des utilisateurs du site.<\/p>\n<ol start=\"3\">\n<li><strong>Dur\u00e9e du stockage<\/strong><\/li>\n<\/ol>\n<p>Alma SAS ne conserve les donn\u00e9es personnelles que pour la dur\u00e9e n\u00e9cessaire aux op\u00e9rations pour lesquelles elles ont \u00e9t\u00e9 collect\u00e9es. En particulier : &#8211; Les donn\u00e9es des prospects, c&rsquo;est-\u00e0-dire des personnes qui ont soumis un formulaire, sont conserv\u00e9es pendant une dur\u00e9e de deux ans \u00e0 compter de leur collecte ou de la derni\u00e8re connexion au site du prospect. &#8211; Les informations stock\u00e9es sur les appareils des utilisateurs (cookies) ou tout autre \u00e9l\u00e9ment utilis\u00e9 pour identifier les utilisateurs et permettre leur tra\u00e7abilit\u00e9 sont conserv\u00e9s pendant douze mois.<\/p>\n<ol start=\"4\">\n<li><strong>Confidentialit\u00e9<\/strong><\/li>\n<\/ol>\n<p>Alma SAS est l&rsquo;unique propri\u00e9taire des informations collect\u00e9es sur le site. Vos informations personnelles ne seront pas vendues, \u00e9chang\u00e9es, transf\u00e9r\u00e9es ou donn\u00e9es \u00e0 une autre soci\u00e9t\u00e9 \u00e0 des fins commerciales sans votre consentement.<\/p>\n<p>Toutefois, ces donn\u00e9es peuvent \u00eatre confi\u00e9es \u00e0 des sous-traitants pour la bonne ex\u00e9cution des commandes pass\u00e9es ou \u00e0 des tiers charg\u00e9s de la gestion et\/ou de l&rsquo;exploitation du Site. Ces entit\u00e9s ne sont en aucun cas autoris\u00e9es \u00e0 utiliser les donn\u00e9es \u00e0 des fins d\u00e9passant le cadre strict de leur mission ou \u00e0 vendre, \u00e9changer ou transf\u00e9rer vos donn\u00e9es \u00e0 des tiers.<\/p>\n<p>Vos donn\u00e9es non nominatives, c&rsquo;est-\u00e0-dire ne permettant pas votre identification, peuvent \u00e9ventuellement \u00eatre fournies \u00e0 des tiers \u00e0 des fins de statistiques, de marketing ou de publicit\u00e9.<\/p>\n<p>Nous vous laissons le choix d&rsquo;accepter ou de refuser le contenu de ces applications tierces. Vous pouvez le faire en cochant ou d\u00e9cochant les cases ci-dessous et en cliquant sur le bouton de mise \u00e0 jour. Vous pouvez modifier votre d\u00e9cision \u00e0 tout moment en cochant ou d\u00e9cochant les cases ci-dessous et en cliquant sur le bouton de mise \u00e0 jour.<\/p>\n<p>YouTube Google Maps Cookie Tracking<\/p>\n<ol start=\"5\">\n<li><strong>Protection de l&rsquo;information<\/strong><\/li>\n<\/ol>\n<p>Nous veillons \u00e0 ce que tout prestataire de services ou sous-traitant auquel nous pouvons faire appel pour la collecte et le traitement des donn\u00e9es que vous nous fournissez garantisse une confidentialit\u00e9, une utilisation et une protection des donn\u00e9es ad\u00e9quates.<\/p>\n<p>Les ordinateurs et les serveurs utilis\u00e9s pour stocker les informations personnellement identifiables sont conserv\u00e9s dans un environnement s\u00e9curis\u00e9.<\/p>\n<ol start=\"6\">\n<li><strong>Droit d&rsquo;acc\u00e8s, de rectification et d&rsquo;opposition<\/strong><\/li>\n<\/ol>\n<p>Vous disposez d&rsquo;un droit d&rsquo;acc\u00e8s, de limitation, de rectification, d&rsquo;effacement et d&rsquo;opposition \u00e0 l&rsquo;utilisation de vos donn\u00e9es personnelles transmises au Site.<\/p>\n<p>Toute demande \u00e0 cet \u00e9gard doit \u00eatre adress\u00e9e au responsable du traitement des donn\u00e9es du site en envoyant un courrier \u00e9lectronique \u00e0 <a href=\"mailto:lea.lemierre@getalma.eu\">lea.lemierre@getalma.eu<\/a>.<\/p>\n<p>En raison de notre obligation de s\u00e9curit\u00e9 et de confidentialit\u00e9 dans le traitement des donn\u00e9es personnelles, toute demande doit \u00eatre accompagn\u00e9e d&rsquo;une copie ou d&rsquo;un scan de votre pi\u00e8ce d&rsquo;identit\u00e9 (carte d&rsquo;identit\u00e9, passeport, permis de conduire).<\/p>\n<p>Nous r\u00e9pondrons dans un d\u00e9lai maximum d&rsquo;un mois \u00e0 compter de la r\u00e9ception de votre demande.<\/p>\n<p>Pour vous aider dans vos d\u00e9marches, la CNIL a \u00e9labor\u00e9 des mod\u00e8les de lettres \u00e0 demander :<\/p>\n<p>&#8211; Acc\u00e8s \u00e0 vos donn\u00e9es personnelles <a href=\"https:\/\/www.cnil.fr\/fr\/modele\/courrier\/exercer-son-droit-dacces\">: https:\/\/www.cnil.fr\/fr\/modele\/courrier\/exercer-son-droit-dacces<\/a><\/p>\n<p>&#8211; Rectification, mise \u00e0 jour, blocage ou effacement de vos donn\u00e9es personnelles <a href=\"https:\/\/www.cnil.fr\/fr\/modele\/courrier\/rectifier-des-donnees-inexactes-obsoletes-ou-perimees\">: https:\/\/www.cnil.fr\/fr\/modele\/courrier\/rectifier-des-donnees-inexactes-obsoletes-ou-perimees<\/a><\/p>\n<p>&#8211; Opposition au traitement de vos donn\u00e9es personnelles pour des motifs l\u00e9gitimes ou lorsque vos donn\u00e9es sont utilis\u00e9es \u00e0 des fins de prospection commerciale <a href=\"https:\/\/www.cnil.fr\/fr\/modele\/courrier\/supprimer-des-informations-vous-concernant-dun-site-internet\">: https:\/\/www.cnil.fr\/fr\/modele\/courrier\/supprimer-des-informations-vous-concernant-dun-site-internet<\/a><\/p>\n<ol start=\"7\">\n<li><strong>Politique d&rsquo;utilisation des cookies<\/strong><\/li>\n<\/ol>\n<p>Lorsque vous vous connectez au Site, Alma SAS est susceptible d&rsquo;implanter un cookie sur le disque dur de votre terminal afin d&rsquo;assurer une navigation fluide et optimale sur le Site. Les \u00ab\u00a0cookies\u00a0\u00bb (\u00e9galement appel\u00e9s \u00ab\u00a0t\u00e9moins de connexion\u00a0\u00bb) nous permettent de reconna\u00eetre votre ordinateur, votre tablette ou votre appareil mobile afin de personnaliser les services que nous vous proposons sur le Site.<\/p>\n<p>Pour vous informer, une banni\u00e8re appara\u00eet en bas de votre \u00e9cran lorsque vous vous connectez au Site. Vous pouvez \u00e0 tout moment vous opposer au d\u00e9p\u00f4t de cookies sur votre terminal en configurant votre navigateur internet. Le cas \u00e9ch\u00e9ant, nous ne pouvons pas garantir le fonctionnement optimal du Site et nous ne pouvons pas \u00eatre tenus pour responsables des cons\u00e9quences li\u00e9es \u00e0 l&rsquo;alt\u00e9ration de vos conditions de navigation sur le Site r\u00e9sultant de votre choix de refuser ou bloquer les cookies n\u00e9cessaires \u00e0 son bon fonctionnement.<\/p>\n<p>Pour vous guider dans vos param\u00e9trages, la CNIL a d\u00e9velopp\u00e9 une page d\u00e9di\u00e9e \u00e0 la ma\u00eetrise des cookies, accessible par le lien suivant <a href=\"https:\/\/www.cnil.fr\/fr\/cookies-les-outils-pour-les-maitriser\">: https:\/\/www.cnil.fr\/fr\/cookies-les-outils-pour-les-maitriser<\/a>.<\/p>\n<p>Les informations collect\u00e9es par le biais des cookies ne permettent pas de vous identifier nominativement et ont pour seul but de nous aider \u00e0 am\u00e9liorer les performances du Site.<\/p>\n<p>Selon les recommandations de la CNIL, les cookies strictement n\u00e9cessaires au fonctionnement du Site ne font l&rsquo;objet d&rsquo;aucune obligation pr\u00e9alable de votre part. En revanche, votre accord expr\u00e8s est requis avant d&rsquo;utiliser les cookies \u00e9mis par des tiers, qui sont soumis \u00e0 leurs politiques de confidentialit\u00e9, disponibles sur leurs sites web. Ces cookies peuvent \u00eatre des cookies de mesure d&rsquo;audience, des cookies publicitaires ou des cookies de partage de m\u00e9dias sociaux.<\/p>\n<ol start=\"8\">\n<li><strong>Recours<\/strong><\/li>\n<\/ol>\n<p>Si vous estimez que nous ne respectons pas nos obligations en mati\u00e8re de collecte et de traitement de vos donn\u00e9es personnelles, vous pouvez d\u00e9poser une plainte aupr\u00e8s de la CNIL par courrier ou par voie \u00e9lectronique via le lien suivant <a href=\"https:\/\/www.cnil.fr\/fr\/plaintes\/internet\">: https:\/\/www.cnil.fr\/fr\/plaintes\/internet.<\/a><\/p>\n<p>&#8211; Novembre 2023 &#8211;<\/p>\n<\/div><\/div><\/div><\/div><\/div><\/p>\n","protected":false},"excerpt":{"rendered":"","protected":false},"author":14,"featured_media":0,"parent":0,"menu_order":0,"comment_status":"closed","ping_status":"closed","template":"100-width.php","meta":{"footnotes":""},"class_list":["post-3674","page","type-page","status-publish","hentry"],"yoast_head":"<!-- This site is optimized with the Yoast SEO plugin v27.4 - https:\/\/yoast.com\/product\/yoast-seo-wordpress\/ -->\n<title>Confidentialit\u00e9 - Alma<\/title>\n<meta name=\"robots\" content=\"index, follow, max-snippet:-1, max-image-preview:large, max-video-preview:-1\" \/>\n<link rel=\"canonical\" href=\"https:\/\/brand.almapay.co\/fr\/confidentialite\" \/>\n<meta property=\"og:locale\" content=\"fr_FR\" \/>\n<meta property=\"og:type\" content=\"article\" \/>\n<meta property=\"og:title\" content=\"Confidentialit\u00e9 - Alma\" \/>\n<meta property=\"og:url\" content=\"https:\/\/brand.almapay.co\/fr\/confidentialite\" \/>\n<meta property=\"og:site_name\" content=\"Alma\" \/>\n<meta property=\"article:modified_time\" content=\"2023-12-01T06:45:39+00:00\" \/>\n<meta name=\"twitter:card\" content=\"summary_large_image\" \/>\n<meta name=\"twitter:label1\" content=\"Dur\u00e9e de lecture estim\u00e9e\" \/>\n\t<meta name=\"twitter:data1\" content=\"9 minutes\" \/>\n<script type=\"application\/ld+json\" class=\"yoast-schema-graph\">{\"@context\":\"https:\\\/\\\/schema.org\",\"@graph\":[{\"@type\":\"WebPage\",\"@id\":\"https:\\\/\\\/brand.almapay.co\\\/fr\\\/confidentialite\",\"url\":\"https:\\\/\\\/brand.almapay.co\\\/fr\\\/confidentialite\",\"name\":\"Confidentialit\u00e9 - Alma\",\"isPartOf\":{\"@id\":\"https:\\\/\\\/brand.almapay.co\\\/fr#website\"},\"datePublished\":\"2023-10-11T10:02:20+00:00\",\"dateModified\":\"2023-12-01T06:45:39+00:00\",\"breadcrumb\":{\"@id\":\"https:\\\/\\\/brand.almapay.co\\\/fr\\\/confidentialite#breadcrumb\"},\"inLanguage\":\"fr-FR\",\"potentialAction\":[{\"@type\":\"ReadAction\",\"target\":[\"https:\\\/\\\/brand.almapay.co\\\/fr\\\/confidentialite\"]}]},{\"@type\":\"BreadcrumbList\",\"@id\":\"https:\\\/\\\/brand.almapay.co\\\/fr\\\/confidentialite#breadcrumb\",\"itemListElement\":[{\"@type\":\"ListItem\",\"position\":1,\"name\":\"Home\",\"item\":\"https:\\\/\\\/brand.almapay.co\\\/fr\"},{\"@type\":\"ListItem\",\"position\":2,\"name\":\"Confidentialit\u00e9\"}]},{\"@type\":\"WebSite\",\"@id\":\"https:\\\/\\\/brand.almapay.co\\\/fr#website\",\"url\":\"https:\\\/\\\/brand.almapay.co\\\/fr\",\"name\":\"Alma\",\"description\":\"Portal\",\"publisher\":{\"@id\":\"https:\\\/\\\/brand.almapay.co\\\/fr#organization\"},\"potentialAction\":[{\"@type\":\"SearchAction\",\"target\":{\"@type\":\"EntryPoint\",\"urlTemplate\":\"https:\\\/\\\/brand.almapay.co\\\/fr?s={search_term_string}\"},\"query-input\":{\"@type\":\"PropertyValueSpecification\",\"valueRequired\":true,\"valueName\":\"search_term_string\"}}],\"inLanguage\":\"fr-FR\"},{\"@type\":\"Organization\",\"@id\":\"https:\\\/\\\/brand.almapay.co\\\/fr#organization\",\"name\":\"Alma\",\"url\":\"https:\\\/\\\/brand.almapay.co\\\/fr\",\"logo\":{\"@type\":\"ImageObject\",\"inLanguage\":\"fr-FR\",\"@id\":\"https:\\\/\\\/brand.almapay.co\\\/fr#\\\/schema\\\/logo\\\/image\\\/\",\"url\":\"https:\\\/\\\/brand.almapay.co\\\/wp-content\\\/uploads\\\/2023\\\/11\\\/Clear-space-white.svg\",\"contentUrl\":\"https:\\\/\\\/brand.almapay.co\\\/wp-content\\\/uploads\\\/2023\\\/11\\\/Clear-space-white.svg\",\"width\":625,\"height\":313,\"caption\":\"Alma\"},\"image\":{\"@id\":\"https:\\\/\\\/brand.almapay.co\\\/fr#\\\/schema\\\/logo\\\/image\\\/\"}}]}<\/script>\n<!-- \/ Yoast SEO plugin. -->","yoast_head_json":{"title":"Confidentialit\u00e9 - Alma","robots":{"index":"index","follow":"follow","max-snippet":"max-snippet:-1","max-image-preview":"max-image-preview:large","max-video-preview":"max-video-preview:-1"},"canonical":"https:\/\/brand.almapay.co\/fr\/confidentialite","og_locale":"fr_FR","og_type":"article","og_title":"Confidentialit\u00e9 - Alma","og_url":"https:\/\/brand.almapay.co\/fr\/confidentialite","og_site_name":"Alma","article_modified_time":"2023-12-01T06:45:39+00:00","twitter_card":"summary_large_image","twitter_misc":{"Dur\u00e9e de lecture estim\u00e9e":"9 minutes"},"schema":{"@context":"https:\/\/schema.org","@graph":[{"@type":"WebPage","@id":"https:\/\/brand.almapay.co\/fr\/confidentialite","url":"https:\/\/brand.almapay.co\/fr\/confidentialite","name":"Confidentialit\u00e9 - Alma","isPartOf":{"@id":"https:\/\/brand.almapay.co\/fr#website"},"datePublished":"2023-10-11T10:02:20+00:00","dateModified":"2023-12-01T06:45:39+00:00","breadcrumb":{"@id":"https:\/\/brand.almapay.co\/fr\/confidentialite#breadcrumb"},"inLanguage":"fr-FR","potentialAction":[{"@type":"ReadAction","target":["https:\/\/brand.almapay.co\/fr\/confidentialite"]}]},{"@type":"BreadcrumbList","@id":"https:\/\/brand.almapay.co\/fr\/confidentialite#breadcrumb","itemListElement":[{"@type":"ListItem","position":1,"name":"Home","item":"https:\/\/brand.almapay.co\/fr"},{"@type":"ListItem","position":2,"name":"Confidentialit\u00e9"}]},{"@type":"WebSite","@id":"https:\/\/brand.almapay.co\/fr#website","url":"https:\/\/brand.almapay.co\/fr","name":"Alma","description":"Portal","publisher":{"@id":"https:\/\/brand.almapay.co\/fr#organization"},"potentialAction":[{"@type":"SearchAction","target":{"@type":"EntryPoint","urlTemplate":"https:\/\/brand.almapay.co\/fr?s={search_term_string}"},"query-input":{"@type":"PropertyValueSpecification","valueRequired":true,"valueName":"search_term_string"}}],"inLanguage":"fr-FR"},{"@type":"Organization","@id":"https:\/\/brand.almapay.co\/fr#organization","name":"Alma","url":"https:\/\/brand.almapay.co\/fr","logo":{"@type":"ImageObject","inLanguage":"fr-FR","@id":"https:\/\/brand.almapay.co\/fr#\/schema\/logo\/image\/","url":"https:\/\/brand.almapay.co\/wp-content\/uploads\/2023\/11\/Clear-space-white.svg","contentUrl":"https:\/\/brand.almapay.co\/wp-content\/uploads\/2023\/11\/Clear-space-white.svg","width":625,"height":313,"caption":"Alma"},"image":{"@id":"https:\/\/brand.almapay.co\/fr#\/schema\/logo\/image\/"}}]}},"_links":{"self":[{"href":"https:\/\/brand.almapay.co\/fr\/wp-json\/wp\/v2\/pages\/3674","targetHints":{"allow":["GET"]}}],"collection":[{"href":"https:\/\/brand.almapay.co\/fr\/wp-json\/wp\/v2\/pages"}],"about":[{"href":"https:\/\/brand.almapay.co\/fr\/wp-json\/wp\/v2\/types\/page"}],"author":[{"embeddable":true,"href":"https:\/\/brand.almapay.co\/fr\/wp-json\/wp\/v2\/users\/14"}],"replies":[{"embeddable":true,"href":"https:\/\/brand.almapay.co\/fr\/wp-json\/wp\/v2\/comments?post=3674"}],"version-history":[{"count":5,"href":"https:\/\/brand.almapay.co\/fr\/wp-json\/wp\/v2\/pages\/3674\/revisions"}],"predecessor-version":[{"id":3906,"href":"https:\/\/brand.almapay.co\/fr\/wp-json\/wp\/v2\/pages\/3674\/revisions\/3906"}],"wp:attachment":[{"href":"https:\/\/brand.almapay.co\/fr\/wp-json\/wp\/v2\/media?parent=3674"}],"curies":[{"name":"wp","href":"https:\/\/api.w.org\/{rel}","templated":true}]}}