{"id":3671,"date":"2023-10-11T10:06:33","date_gmt":"2023-10-11T10:06:33","guid":{"rendered":"https:\/\/brand.almapay.co\/juridique"},"modified":"2023-12-01T06:33:12","modified_gmt":"2023-12-01T06:33:12","slug":"mention-legale","status":"publish","type":"page","link":"https:\/\/brand.almapay.co\/fr\/mention-legale","title":{"rendered":"Mention l\u00e9gale"},"content":{"rendered":"<p><div class=\"fusion-fullwidth fullwidth-box fusion-builder-row-1 fusion-flex-container has-pattern-background has-mask-background hundred-percent-fullwidth non-hundred-percent-height-scrolling ctnr-hero-banner\" style=\"--awb-border-radius-top-left:0px;--awb-border-radius-top-right:0px;--awb-border-radius-bottom-right:0px;--awb-border-radius-bottom-left:0px;--awb-background-color:var(--awb-custom_color_1);--awb-flex-wrap:wrap;\" ><div class=\"fusion-builder-row fusion-row fusion-flex-align-items-center fusion-flex-content-wrap\" style=\"width:104% !important;max-width:104% !important;margin-left: calc(-4% \/ 2 );margin-right: calc(-4% \/ 2 );\"><div class=\"fusion-layout-column fusion_builder_column fusion-builder-column-0 fusion_builder_column_1_1 1_1 fusion-flex-column fusion-flex-align-self-center\" style=\"--awb-bg-size:cover;--awb-width-large:100%;--awb-margin-top-large:0px;--awb-spacing-right-large:1.92%;--awb-margin-bottom-large:0px;--awb-spacing-left-large:1.92%;--awb-width-medium:100%;--awb-order-medium:0;--awb-spacing-right-medium:1.92%;--awb-spacing-left-medium:1.92%;--awb-width-small:100%;--awb-order-small:0;--awb-spacing-right-small:1.92%;--awb-spacing-left-small:1.92%;\" data-scroll-devices=\"small-visibility,medium-visibility,large-visibility\"><div class=\"fusion-column-wrapper fusion-column-has-shadow fusion-flex-justify-content-center fusion-content-layout-column\"><div class=\"fusion-title title fusion-title-1 fusion-sep-none fusion-title-text fusion-title-size-one\" style=\"--awb-margin-top-small:0px;--awb-margin-right-small:0px;--awb-margin-bottom-small:20px;--awb-margin-left-small:0px;\"><h1 class=\"fusion-title-heading title-heading-left\" style=\"margin:0;\">Mention l\u00e9gale<\/h1><\/div><\/div><\/div><div class=\"fusion-layout-column fusion_builder_column fusion-builder-column-1 fusion_builder_column_1_1 1_1 fusion-flex-column fusion-flex-align-self-flex-start elmt-background\" style=\"--awb-bg-size:cover;--awb-width-large:100%;--awb-margin-top-large:0px;--awb-spacing-right-large:1.92%;--awb-margin-bottom-large:0px;--awb-spacing-left-large:1.92%;--awb-width-medium:100%;--awb-order-medium:0;--awb-spacing-right-medium:1.92%;--awb-spacing-left-medium:1.92%;--awb-width-small:100%;--awb-order-small:0;--awb-spacing-right-small:1.92%;--awb-spacing-left-small:1.92%;\" data-scroll-devices=\"small-visibility,medium-visibility,large-visibility\"><div class=\"fusion-column-wrapper fusion-column-has-shadow fusion-flex-justify-content-flex-start fusion-content-layout-column\"><div class=\"fusion-text fusion-text-1\"><p>Men<br \/>\nl\u00e9g<\/p>\n<\/div><\/div><\/div><\/div><\/div><div class=\"fusion-fullwidth fullwidth-box fusion-builder-row-2 fusion-flex-container has-pattern-background has-mask-background nonhundred-percent-fullwidth non-hundred-percent-height-scrolling\" style=\"--awb-border-radius-top-left:0px;--awb-border-radius-top-right:0px;--awb-border-radius-bottom-right:0px;--awb-border-radius-bottom-left:0px;--awb-flex-wrap:wrap;\" ><div class=\"fusion-builder-row fusion-row fusion-flex-align-items-flex-start fusion-flex-content-wrap\" style=\"max-width:1144px;margin-left: calc(-4% \/ 2 );margin-right: calc(-4% \/ 2 );\"><div class=\"fusion-layout-column fusion_builder_column fusion-builder-column-2 fusion_builder_column_1_1 1_1 fusion-flex-column col-legal\" style=\"--awb-bg-size:cover;--awb-width-large:100%;--awb-margin-top-large:0px;--awb-spacing-right-large:1.92%;--awb-margin-bottom-large:0px;--awb-spacing-left-large:1.92%;--awb-width-medium:100%;--awb-order-medium:0;--awb-spacing-right-medium:1.92%;--awb-spacing-left-medium:1.92%;--awb-width-small:100%;--awb-order-small:0;--awb-spacing-right-small:1.92%;--awb-spacing-left-small:1.92%;\" data-scroll-devices=\"small-visibility,medium-visibility,large-visibility\"><div class=\"fusion-column-wrapper fusion-column-has-shadow fusion-flex-justify-content-flex-start fusion-content-layout-column\"><div class=\"fusion-text fusion-text-2\"><h2>1. Pr\u00e9sentation du site web :<\/h2>\n<p>Conform\u00e9ment aux dispositions des articles 6-III et 19 de la loi n\u00b0 2004-575 du 21 juin 2004 pour la confiance dans l&rsquo;\u00e9conomie num\u00e9rique, dite L.C.E.N., nous informons les utilisateurs et visiteurs du site web : brand.almapay.com des informations suivantes :<\/p>\n<p>Informations juridiques :<\/p>\n<p>Nom de l&rsquo;entreprise : Alma SAS<\/p>\n<p>Adresse : 176 Avenue Charles de Gaulle, 92200 Neuilly-sur-Seine<\/p>\n<p>SIR\u00c8NE : 839 100 575<\/p>\n<p>Adresse \u00e9lectronique : <a href=\"mailto:lea.lemierre@getalma.eu\">lea.lemierre@getalma.eu<\/a><\/p>\n<p>Le directeur de la publication est : L\u00e9a LEMIERRE<\/p>\n<h2>2. D\u00e9veloppement web \/ Webmaster :<\/h2>\n<p>Agence web Adesio &#8211; <a href=\"mailto:info@adesio.co\">info@adesio.co<\/a> Le site est h\u00e9berg\u00e9 par : Kinsta<\/p>\n<p>Description des services fournis : Le site brand.almapay.com a pour objet de fournir une information concernant l&rsquo;ensemble des activit\u00e9s de la soci\u00e9t\u00e9. Le propri\u00e9taire du site s&rsquo;efforce de fournir des informations aussi pr\u00e9cises que possible sur brand.almapay.com. Toutefois, ils ne peuvent \u00eatre tenus pour responsables des omissions, des inexactitudes et des carences dans les mises \u00e0 jour, qu&rsquo;elles soient de leur fait ou du fait des tiers partenaires qui leur fournissent ces informations. Tous les informations indiqu\u00e9es sur le site brand.almapay.com sont donn\u00e9es \u00e0 titre indicatif, sont non exhaustives et sont susceptibles d&rsquo;\u00e9voluer. Elles sont fournies sous r\u00e9serve des modifications apport\u00e9es depuis leur publication en ligne.<\/p>\n<h2>3. Propri\u00e9t\u00e9 intellectuelle et contrefa\u00e7on :<\/h2>\n<p>Le propri\u00e9taire du site est propri\u00e9taire des droits de propri\u00e9t\u00e9 intellectuelle ou d\u00e9tient les droits d&rsquo;usage sur tous les \u00e9l\u00e9ments accessibles sur le site, notamment les textes, images, graphismes, logo, ic\u00f4nes, sons, logiciels, etc. Toute reproduction, repr\u00e9sentation, modification, publication, adaptation de tout ou partie des \u00e9l\u00e9ments du site, quel que soit le moyen ou le proc\u00e9d\u00e9 utilis\u00e9, est interdite, sauf autorisation \u00e9crite pr\u00e9alable \u00e0 l&#8217;email : <a href=\"mailto:lea.lemierre@getalma.eu\">lea.lemierre@getalma.eu<\/a>. Toute exploitation non autoris\u00e9e du site ou de l&rsquo;un quelconque de ses \u00e9l\u00e9ments sera consid\u00e9r\u00e9e comme constitutive d&rsquo;une contrefa\u00e7on et poursuivie conform\u00e9ment aux dispositions des articles L.335-2 et suivants du Code de la propri\u00e9t\u00e9 intellectuelle.<\/p>\n<h2>4. Hyperliens et cookies :<\/h2>\n<p>Le site brand.almapay.com contient plusieurs liens hypertextes vers d&rsquo;autres sites (partenaires, informations, etc.) mis en place avec l&rsquo;autorisation du propri\u00e9taire du site. Cependant, le propri\u00e9taire du site n&rsquo;a pas la possibilit\u00e9 de v\u00e9rifier le contenu des sites visit\u00e9s et d\u00e9cline par cons\u00e9quent toute responsabilit\u00e9 quant aux risques \u00e9ventuels de contenus illicites. L&rsquo;utilisateur est inform\u00e9 que lors de ses visites sur le site brand.almapay.com, un ou plusieurs cookies peuvent s&rsquo;installer automatiquement sur son ordinateur. Un cookie est un petit fichier qui ne permet pas d&rsquo;identifier l&rsquo;utilisateur mais qui enregistre des informations relatives \u00e0 la navigation de l&rsquo;ordinateur sur un site. Les donn\u00e9es ainsi obtenues visent \u00e0 faciliter la navigation ult\u00e9rieure sur le site et sont \u00e9galement destin\u00e9es \u00e0 diverses mesures de trafic. Les param\u00e8tres du logiciel de navigation peuvent informer de la pr\u00e9sence de cookies et, le cas \u00e9ch\u00e9ant, les rejeter, comme d\u00e9crit \u00e0 l&rsquo;adresse suivante : <a href=\"http:\/\/www.cnil.fr\">www.cnil.fr.<\/a> Le refus d&rsquo;installer un cookie peut entra\u00eener l&rsquo;impossibilit\u00e9 d&rsquo;acc\u00e9der \u00e0 certains services. Toutefois, l&rsquo;utilisateur peut configurer son ordinateur pour refuser l&rsquo;installation des cookies.<\/p>\n<h2>5. Protection des biens et des personnes &#8211; gestion des donn\u00e9es personnelles :<\/h2>\n<p>Utilisateur : internaute se connectant, \u00e0 partir du site susmentionn\u00e9 : brand.almapay.com En France, les donn\u00e9es personnelles sont notamment prot\u00e9g\u00e9es par la loi n\u00b0 78-87 du 6 janvier 1978, la loi n\u00b0 2004-801 du 6 ao\u00fbt 2004, l&rsquo;article L. 226-13 du code p\u00e9nal, et la directive europ\u00e9enne du 24 octobre 1995. Sur le site brand.almapay.com, le propri\u00e9taire du site ne collecte des informations personnelles relatives \u00e0 l&rsquo;utilisateur que pour le besoin de certains services propos\u00e9s par le site brand.almapay.com. L&rsquo;utilisateur fournit ces informations en toute connaissance de cause, en particulier lorsqu&rsquo;il les saisit lui-m\u00eame. Il est alors pr\u00e9cis\u00e9 \u00e0 l&rsquo;utilisateur sur le site brand.almapay.com l&rsquo;obligation ou non de fournir ces informations. Conform\u00e9ment aux dispositions des articles 38 et suivants de la loi 78-17 du 6 janvier 1978 relative \u00e0 l&rsquo;informatique, aux fichiers et aux libert\u00e9s, tout utilisateur dispose d&rsquo;un droit d&rsquo;acc\u00e8s, de rectification, de suppression et d&rsquo;opposition aux donn\u00e9es personnelles le concernant. Pour exercer ce droit, adressez votre demande \u00e0 brand.almapay.com par courrier \u00e9lectronique ou par demande \u00e9crite et sign\u00e9e, accompagn\u00e9e d&rsquo;une copie du titre d&rsquo;identit\u00e9 portant la signature du titulaire de la pi\u00e8ce, en pr\u00e9cisant l&rsquo;adresse \u00e0 laquelle la r\u00e9ponse doit \u00eatre envoy\u00e9e. Aucune information personnelle de l&rsquo;utilisateur du site brand.almapay.com n&rsquo;est publi\u00e9e \u00e0 l&rsquo;insu de l&rsquo;utilisateur, \u00e9chang\u00e9e, transf\u00e9r\u00e9e, c\u00e9d\u00e9e ou vendue sur un support quelconque \u00e0 des tiers. Seule l&rsquo;hypoth\u00e8se du rachat du site brand.almapay.com par le propri\u00e9taire du site et de ses droits permettrait la transmission des dites informations \u00e0 l&rsquo;\u00e9ventuel acqu\u00e9reur qui serait \u00e0 son tour tenu de la m\u00eame obligation de conservation et de modification des donn\u00e9es vis \u00e0 vis de l&rsquo;utilisateur du site brand.almapay.com.<\/p>\n<\/div><\/div><\/div><\/div><\/div><\/p>\n","protected":false},"excerpt":{"rendered":"","protected":false},"author":14,"featured_media":0,"parent":0,"menu_order":0,"comment_status":"closed","ping_status":"closed","template":"100-width.php","meta":{"footnotes":""},"class_list":["post-3671","page","type-page","status-publish","hentry"],"yoast_head":"<!-- This site is optimized with the Yoast SEO plugin v27.4 - https:\/\/yoast.com\/product\/yoast-seo-wordpress\/ -->\n<title>Mention l\u00e9gale - Alma<\/title>\n<meta name=\"robots\" content=\"index, follow, max-snippet:-1, max-image-preview:large, max-video-preview:-1\" \/>\n<link rel=\"canonical\" href=\"https:\/\/brand.almapay.co\/fr\/mention-legale\" \/>\n<meta property=\"og:locale\" content=\"fr_FR\" \/>\n<meta property=\"og:type\" content=\"article\" \/>\n<meta property=\"og:title\" content=\"Mention l\u00e9gale - Alma\" \/>\n<meta property=\"og:url\" content=\"https:\/\/brand.almapay.co\/fr\/mention-legale\" \/>\n<meta property=\"og:site_name\" content=\"Alma\" \/>\n<meta property=\"article:modified_time\" content=\"2023-12-01T06:33:12+00:00\" \/>\n<meta name=\"twitter:card\" content=\"summary_large_image\" \/>\n<meta name=\"twitter:label1\" content=\"Dur\u00e9e de lecture estim\u00e9e\" \/>\n\t<meta name=\"twitter:data1\" content=\"8 minutes\" \/>\n<script type=\"application\/ld+json\" class=\"yoast-schema-graph\">{\"@context\":\"https:\\\/\\\/schema.org\",\"@graph\":[{\"@type\":\"WebPage\",\"@id\":\"https:\\\/\\\/brand.almapay.co\\\/fr\\\/mention-legale\",\"url\":\"https:\\\/\\\/brand.almapay.co\\\/fr\\\/mention-legale\",\"name\":\"Mention l\u00e9gale - Alma\",\"isPartOf\":{\"@id\":\"https:\\\/\\\/brand.almapay.co\\\/fr#website\"},\"datePublished\":\"2023-10-11T10:06:33+00:00\",\"dateModified\":\"2023-12-01T06:33:12+00:00\",\"breadcrumb\":{\"@id\":\"https:\\\/\\\/brand.almapay.co\\\/fr\\\/mention-legale#breadcrumb\"},\"inLanguage\":\"fr-FR\",\"potentialAction\":[{\"@type\":\"ReadAction\",\"target\":[\"https:\\\/\\\/brand.almapay.co\\\/fr\\\/mention-legale\"]}]},{\"@type\":\"BreadcrumbList\",\"@id\":\"https:\\\/\\\/brand.almapay.co\\\/fr\\\/mention-legale#breadcrumb\",\"itemListElement\":[{\"@type\":\"ListItem\",\"position\":1,\"name\":\"Home\",\"item\":\"https:\\\/\\\/brand.almapay.co\\\/fr\"},{\"@type\":\"ListItem\",\"position\":2,\"name\":\"Mention l\u00e9gale\"}]},{\"@type\":\"WebSite\",\"@id\":\"https:\\\/\\\/brand.almapay.co\\\/fr#website\",\"url\":\"https:\\\/\\\/brand.almapay.co\\\/fr\",\"name\":\"Alma\",\"description\":\"Portal\",\"publisher\":{\"@id\":\"https:\\\/\\\/brand.almapay.co\\\/fr#organization\"},\"potentialAction\":[{\"@type\":\"SearchAction\",\"target\":{\"@type\":\"EntryPoint\",\"urlTemplate\":\"https:\\\/\\\/brand.almapay.co\\\/fr?s={search_term_string}\"},\"query-input\":{\"@type\":\"PropertyValueSpecification\",\"valueRequired\":true,\"valueName\":\"search_term_string\"}}],\"inLanguage\":\"fr-FR\"},{\"@type\":\"Organization\",\"@id\":\"https:\\\/\\\/brand.almapay.co\\\/fr#organization\",\"name\":\"Alma\",\"url\":\"https:\\\/\\\/brand.almapay.co\\\/fr\",\"logo\":{\"@type\":\"ImageObject\",\"inLanguage\":\"fr-FR\",\"@id\":\"https:\\\/\\\/brand.almapay.co\\\/fr#\\\/schema\\\/logo\\\/image\\\/\",\"url\":\"https:\\\/\\\/brand.almapay.co\\\/wp-content\\\/uploads\\\/2023\\\/11\\\/Clear-space-white.svg\",\"contentUrl\":\"https:\\\/\\\/brand.almapay.co\\\/wp-content\\\/uploads\\\/2023\\\/11\\\/Clear-space-white.svg\",\"width\":625,\"height\":313,\"caption\":\"Alma\"},\"image\":{\"@id\":\"https:\\\/\\\/brand.almapay.co\\\/fr#\\\/schema\\\/logo\\\/image\\\/\"}}]}<\/script>\n<!-- \/ Yoast SEO plugin. -->","yoast_head_json":{"title":"Mention l\u00e9gale - Alma","robots":{"index":"index","follow":"follow","max-snippet":"max-snippet:-1","max-image-preview":"max-image-preview:large","max-video-preview":"max-video-preview:-1"},"canonical":"https:\/\/brand.almapay.co\/fr\/mention-legale","og_locale":"fr_FR","og_type":"article","og_title":"Mention l\u00e9gale - Alma","og_url":"https:\/\/brand.almapay.co\/fr\/mention-legale","og_site_name":"Alma","article_modified_time":"2023-12-01T06:33:12+00:00","twitter_card":"summary_large_image","twitter_misc":{"Dur\u00e9e de lecture estim\u00e9e":"8 minutes"},"schema":{"@context":"https:\/\/schema.org","@graph":[{"@type":"WebPage","@id":"https:\/\/brand.almapay.co\/fr\/mention-legale","url":"https:\/\/brand.almapay.co\/fr\/mention-legale","name":"Mention l\u00e9gale - Alma","isPartOf":{"@id":"https:\/\/brand.almapay.co\/fr#website"},"datePublished":"2023-10-11T10:06:33+00:00","dateModified":"2023-12-01T06:33:12+00:00","breadcrumb":{"@id":"https:\/\/brand.almapay.co\/fr\/mention-legale#breadcrumb"},"inLanguage":"fr-FR","potentialAction":[{"@type":"ReadAction","target":["https:\/\/brand.almapay.co\/fr\/mention-legale"]}]},{"@type":"BreadcrumbList","@id":"https:\/\/brand.almapay.co\/fr\/mention-legale#breadcrumb","itemListElement":[{"@type":"ListItem","position":1,"name":"Home","item":"https:\/\/brand.almapay.co\/fr"},{"@type":"ListItem","position":2,"name":"Mention l\u00e9gale"}]},{"@type":"WebSite","@id":"https:\/\/brand.almapay.co\/fr#website","url":"https:\/\/brand.almapay.co\/fr","name":"Alma","description":"Portal","publisher":{"@id":"https:\/\/brand.almapay.co\/fr#organization"},"potentialAction":[{"@type":"SearchAction","target":{"@type":"EntryPoint","urlTemplate":"https:\/\/brand.almapay.co\/fr?s={search_term_string}"},"query-input":{"@type":"PropertyValueSpecification","valueRequired":true,"valueName":"search_term_string"}}],"inLanguage":"fr-FR"},{"@type":"Organization","@id":"https:\/\/brand.almapay.co\/fr#organization","name":"Alma","url":"https:\/\/brand.almapay.co\/fr","logo":{"@type":"ImageObject","inLanguage":"fr-FR","@id":"https:\/\/brand.almapay.co\/fr#\/schema\/logo\/image\/","url":"https:\/\/brand.almapay.co\/wp-content\/uploads\/2023\/11\/Clear-space-white.svg","contentUrl":"https:\/\/brand.almapay.co\/wp-content\/uploads\/2023\/11\/Clear-space-white.svg","width":625,"height":313,"caption":"Alma"},"image":{"@id":"https:\/\/brand.almapay.co\/fr#\/schema\/logo\/image\/"}}]}},"_links":{"self":[{"href":"https:\/\/brand.almapay.co\/fr\/wp-json\/wp\/v2\/pages\/3671","targetHints":{"allow":["GET"]}}],"collection":[{"href":"https:\/\/brand.almapay.co\/fr\/wp-json\/wp\/v2\/pages"}],"about":[{"href":"https:\/\/brand.almapay.co\/fr\/wp-json\/wp\/v2\/types\/page"}],"author":[{"embeddable":true,"href":"https:\/\/brand.almapay.co\/fr\/wp-json\/wp\/v2\/users\/14"}],"replies":[{"embeddable":true,"href":"https:\/\/brand.almapay.co\/fr\/wp-json\/wp\/v2\/comments?post=3671"}],"version-history":[{"count":10,"href":"https:\/\/brand.almapay.co\/fr\/wp-json\/wp\/v2\/pages\/3671\/revisions"}],"predecessor-version":[{"id":3901,"href":"https:\/\/brand.almapay.co\/fr\/wp-json\/wp\/v2\/pages\/3671\/revisions\/3901"}],"wp:attachment":[{"href":"https:\/\/brand.almapay.co\/fr\/wp-json\/wp\/v2\/media?parent=3671"}],"curies":[{"name":"wp","href":"https:\/\/api.w.org\/{rel}","templated":true}]}}