{"id":3661,"date":"2022-10-07T11:51:03","date_gmt":"2022-10-07T11:51:03","guid":{"rendered":"https:\/\/brand.almapay.co\/page-daccueil"},"modified":"2024-01-29T08:10:31","modified_gmt":"2024-01-29T08:10:31","slug":"page-daccueil","status":"publish","type":"page","link":"https:\/\/brand.almapay.co\/fr","title":{"rendered":"Page d&rsquo;accueil"},"content":{"rendered":"<p><div class=\"fusion-fullwidth fullwidth-box fusion-builder-row-1 fusion-flex-container has-pattern-background has-mask-background nonhundred-percent-fullwidth non-hundred-percent-height-scrolling ctnr-hero-banner\" style=\"--awb-border-radius-top-left:0px;--awb-border-radius-top-right:0px;--awb-border-radius-bottom-right:0px;--awb-border-radius-bottom-left:0px;--awb-background-color:var(--awb-custom_color_1);--awb-flex-wrap:wrap;\" ><div class=\"fusion-builder-row fusion-row fusion-flex-align-items-center fusion-flex-content-wrap\" style=\"max-width:1144px;margin-left: calc(-4% \/ 2 );margin-right: calc(-4% \/ 2 );\"><div class=\"fusion-layout-column fusion_builder_column fusion-builder-column-0 fusion_builder_column_1_1 1_1 fusion-flex-column fusion-flex-align-self-center\" style=\"--awb-bg-size:cover;--awb-width-large:100%;--awb-margin-top-large:0px;--awb-spacing-right-large:1.92%;--awb-margin-bottom-large:0px;--awb-spacing-left-large:1.92%;--awb-width-medium:100%;--awb-order-medium:0;--awb-spacing-right-medium:1.92%;--awb-spacing-left-medium:1.92%;--awb-width-small:100%;--awb-order-small:0;--awb-spacing-right-small:1.92%;--awb-spacing-left-small:1.92%;\" data-scroll-devices=\"small-visibility,medium-visibility,large-visibility\"><div class=\"fusion-column-wrapper fusion-column-has-shadow fusion-flex-justify-content-center fusion-content-layout-column\"><div class=\"fusion-image-element \" style=\"text-align:center;--awb-caption-title-font-family:var(--h2_typography-font-family);--awb-caption-title-font-weight:var(--h2_typography-font-weight);--awb-caption-title-font-style:var(--h2_typography-font-style);--awb-caption-title-size:var(--h2_typography-font-size);--awb-caption-title-transform:var(--h2_typography-text-transform);--awb-caption-title-line-height:var(--h2_typography-line-height);--awb-caption-title-letter-spacing:var(--h2_typography-letter-spacing);\"><span class=\" fusion-imageframe imageframe-none imageframe-1 hover-type-none\"><img decoding=\"async\" width=\"1024\" height=\"336\" title=\"Logo-Alma_Wordmark_White\" src=\"https:\/\/brand.almapay.co\/wp-content\/uploads\/2023\/10\/Logo-Alma_Wordmark_White-1024x336.png\" alt class=\"img-responsive wp-image-3632\" srcset=\"https:\/\/brand.almapay.co\/wp-content\/uploads\/2023\/10\/Logo-Alma_Wordmark_White-200x66.png 200w, https:\/\/brand.almapay.co\/wp-content\/uploads\/2023\/10\/Logo-Alma_Wordmark_White-400x131.png 400w, https:\/\/brand.almapay.co\/wp-content\/uploads\/2023\/10\/Logo-Alma_Wordmark_White-600x197.png 600w, https:\/\/brand.almapay.co\/wp-content\/uploads\/2023\/10\/Logo-Alma_Wordmark_White-800x263.png 800w, https:\/\/brand.almapay.co\/wp-content\/uploads\/2023\/10\/Logo-Alma_Wordmark_White.png 1200w\" sizes=\"(max-width: 800px) 100vw, (max-width: 640px) 100vw, 1024px\" \/><\/span><\/div><div class=\"fusion-text fusion-text-1 titre\" style=\"--awb-content-alignment:center;\"><p>Plateforme de marque<\/p>\n<\/div><div style=\"text-align:center;\"><a class=\"fusion-button button-flat fusion-button-default-size button-default fusion-button-default button-1 fusion-button-default-span fusion-button-default-type\" target=\"_self\" href=\"#bienvenue\"><i class=\"fa-angle-down fas awb-button__icon awb-button__icon--default button-icon-left\" aria-hidden=\"true\"><\/i><span class=\"fusion-button-text awb-button__text awb-button__text--default\">C\u2019est parti<\/span><\/a><\/div><\/div><\/div><\/div><\/div><div class=\"fusion-fullwidth fullwidth-box fusion-builder-row-2 fusion-flex-container has-pattern-background has-mask-background nonhundred-percent-fullwidth non-hundred-percent-height-scrolling\" style=\"--awb-border-radius-top-left:0px;--awb-border-radius-top-right:0px;--awb-border-radius-bottom-right:0px;--awb-border-radius-bottom-left:0px;--awb-flex-wrap:wrap;\" id=\"welcome\" ><div class=\"fusion-builder-row fusion-row fusion-flex-align-items-stretch fusion-flex-content-wrap\" style=\"max-width:1144px;margin-left: calc(-4% \/ 2 );margin-right: calc(-4% \/ 2 );\"><div class=\"fusion-layout-column fusion_builder_column fusion-builder-column-1 fusion_builder_column_1_1 1_1 fusion-flex-column col-welcome\" style=\"--awb-bg-size:cover;--awb-width-large:100%;--awb-margin-top-large:0px;--awb-spacing-right-large:1.92%;--awb-margin-bottom-large:0px;--awb-spacing-left-large:1.92%;--awb-width-medium:100%;--awb-order-medium:0;--awb-spacing-right-medium:1.92%;--awb-spacing-left-medium:1.92%;--awb-width-small:100%;--awb-order-small:0;--awb-spacing-right-small:1.92%;--awb-spacing-left-small:1.92%;\" id=\"welcome\" data-scroll-devices=\"small-visibility,medium-visibility,large-visibility\"><div class=\"fusion-column-wrapper fusion-column-has-shadow fusion-flex-justify-content-flex-start fusion-content-layout-column\"><div class=\"fusion-text fusion-text-2 sur-titre\" style=\"--awb-content-alignment:center;\"><p><strong>Bienvenue chez Alma<\/strong><\/p>\n<\/div><div class=\"fusion-title title fusion-title-1 fusion-sep-none fusion-title-center fusion-title-text fusion-title-size-two\" style=\"--awb-margin-top-small:0px;--awb-margin-right-small:0px;--awb-margin-bottom-small:20px;--awb-margin-left-small:0px;\"><h2 class=\"fusion-title-heading title-heading-center\" style=\"margin:0;\"><p>Notre mission est simple. Nous connectons les commer\u00e7ants aux consommateurs, et les<br \/>\nconsommateurs aux commer\u00e7ants.<\/p><\/h2><\/div><div class=\"fusion-text fusion-text-3\" style=\"--awb-content-alignment:center;\"><p>Nous les aidons \u00e0 naviguer dans le monde complexe du commerce,\u2028afin que chacun puisse acheter, vendre et vivre \u00e0 son propre rythme.\u2028Pour ce faire, une marque puissante et progressiste est n\u00e9cessaire.<br \/>\nCette plateforme est con\u00e7ue pour vous aider \u00e0 d\u00e9ployer la marque Alma.<\/p>\n<\/div><\/div><\/div><div class=\"fusion-layout-column fusion_builder_column fusion-builder-column-2 fusion_builder_column_1_1 1_1 fusion-flex-column col-welcome\" style=\"--awb-bg-size:cover;--awb-width-large:100%;--awb-margin-top-large:0px;--awb-spacing-right-large:1.92%;--awb-margin-bottom-large:0px;--awb-spacing-left-large:1.92%;--awb-width-medium:100%;--awb-order-medium:0;--awb-spacing-right-medium:1.92%;--awb-spacing-left-medium:1.92%;--awb-width-small:100%;--awb-order-small:0;--awb-spacing-right-small:1.92%;--awb-spacing-left-small:1.92%;\" id=\"welcome\" data-scroll-devices=\"small-visibility,medium-visibility,large-visibility\"><div class=\"fusion-column-wrapper fusion-column-has-shadow fusion-flex-justify-content-flex-start fusion-content-layout-column\"><div class=\"fusion-image-element \" style=\"text-align:center;--awb-caption-title-font-family:var(--h2_typography-font-family);--awb-caption-title-font-weight:var(--h2_typography-font-weight);--awb-caption-title-font-style:var(--h2_typography-font-style);--awb-caption-title-size:var(--h2_typography-font-size);--awb-caption-title-transform:var(--h2_typography-text-transform);--awb-caption-title-line-height:var(--h2_typography-line-height);--awb-caption-title-letter-spacing:var(--h2_typography-letter-spacing);\"><span class=\" fusion-imageframe imageframe-none imageframe-2 hover-type-none full-image\"><img decoding=\"async\" width=\"1280\" height=\"721\" title=\"amplify-your-business-alma-min\" src=\"https:\/\/brand.almapay.co\/wp-content\/uploads\/2023\/11\/Home_Brand-Portal-Assets.jpg\" alt class=\"img-responsive wp-image-3466\"\/><\/span><\/div><div class=\"fusion-title title fusion-title-2 fusion-sep-none fusion-title-center fusion-title-text fusion-title-size-two titre-start\" style=\"--awb-margin-top-small:0px;--awb-margin-right-small:0px;--awb-margin-bottom-small:0px;--awb-margin-left-small:0px;\"><h2 class=\"fusion-title-heading title-heading-center\" style=\"margin:0;\">Explorez la marque<\/h2><\/div><\/div><\/div><div class=\"fusion-layout-column fusion_builder_column fusion-builder-column-3 fusion_builder_column_1_3 1_3 fusion-flex-column fusion-flex-align-self-stretch col-inside bg-orange200\" style=\"--awb-bg-color:var(--awb-custom_color_2);--awb-bg-color-hover:var(--awb-custom_color_2);--awb-bg-size:cover;--awb-width-large:33.333333333333%;--awb-margin-top-large:10px;--awb-spacing-right-large:5.76%;--awb-margin-bottom-large:10px;--awb-spacing-left-large:5.76%;--awb-width-medium:100%;--awb-order-medium:0;--awb-spacing-right-medium:1.92%;--awb-spacing-left-medium:1.92%;--awb-width-small:100%;--awb-order-small:0;--awb-margin-top-small:0;--awb-spacing-right-small:1.92%;--awb-margin-bottom-small:0;--awb-spacing-left-small:1.92%;\" data-scroll-devices=\"small-visibility,medium-visibility,large-visibility\"><div class=\"fusion-column-wrapper fusion-column-has-shadow fusion-flex-justify-content-flex-start fusion-content-layout-column\"><div class=\"fusion-title title fusion-title-3 fusion-sep-none fusion-title-text fusion-title-size-three\" style=\"--awb-margin-top-small:0px;--awb-margin-right-small:0px;--awb-margin-bottom-small:20px;--awb-margin-left-small:0px;\"><h3 class=\"fusion-title-heading title-heading-left\" style=\"margin:0;\">Design<br \/>\nSystem<\/h3><\/div><div class=\"fusion-text fusion-text-4\"><p>Du logo au ton de voix, notre guide<br \/>\npour construire la marque Alma.<\/p>\n<\/div><div ><a class=\"fusion-button button-flat fusion-button-default-size button-default fusion-button-default button-2 fusion-button-default-span fusion-button-default-type border-blue\" target=\"_self\" href=\"https:\/\/brand.almapay.co\/fr\/fondations\"><span class=\"fusion-button-text awb-button__text awb-button__text--default\">D\u00e9couvrir <\/span><\/a><\/div><\/div><\/div><div class=\"fusion-layout-column fusion_builder_column fusion-builder-column-4 fusion_builder_column_1_3 1_3 fusion-flex-column col-inside bg-orange200\" style=\"--awb-bg-color:var(--awb-custom_color_2);--awb-bg-color-hover:var(--awb-custom_color_2);--awb-bg-size:cover;--awb-width-large:33.333333333333%;--awb-margin-top-large:10px;--awb-spacing-right-large:5.76%;--awb-margin-bottom-large:10px;--awb-spacing-left-large:5.76%;--awb-width-medium:100%;--awb-order-medium:0;--awb-spacing-right-medium:1.92%;--awb-spacing-left-medium:1.92%;--awb-width-small:100%;--awb-order-small:0;--awb-margin-top-small:0;--awb-spacing-right-small:1.92%;--awb-margin-bottom-small:0;--awb-spacing-left-small:1.92%;\" data-scroll-devices=\"small-visibility,medium-visibility,large-visibility\"><div class=\"fusion-column-wrapper fusion-column-has-shadow fusion-flex-justify-content-flex-start fusion-content-layout-column\"><div class=\"fusion-title title fusion-title-4 fusion-sep-none fusion-title-text fusion-title-size-three\" style=\"--awb-margin-top-small:0px;--awb-margin-right-small:0px;--awb-margin-bottom-small:20px;--awb-margin-left-small:0px;\"><h3 class=\"fusion-title-heading title-heading-left\" style=\"margin:0;\">La marque<br \/>\nen situation<\/h3><\/div><div class=\"fusion-text fusion-text-5\"><p>S\u2019inspirer et comprendre comment la<br \/>\nmarque vit selon le contexte.<\/p>\n<\/div><div ><a class=\"fusion-button button-flat fusion-button-default-size button-default fusion-button-default button-3 fusion-button-default-span fusion-button-default-type border-yellow\" target=\"_self\" href=\"https:\/\/brand.almapay.co\/fr\/marque-en-situation\"><span class=\"fusion-button-text awb-button__text awb-button__text--default\">D\u00e9couvrir <\/span><\/a><\/div><\/div><\/div><div class=\"fusion-layout-column fusion_builder_column fusion-builder-column-5 fusion_builder_column_1_3 1_3 fusion-flex-column col-inside bg-orange200\" style=\"--awb-bg-color:var(--awb-custom_color_2);--awb-bg-color-hover:var(--awb-custom_color_2);--awb-bg-size:cover;--awb-width-large:33.333333333333%;--awb-margin-top-large:10px;--awb-spacing-right-large:5.76%;--awb-margin-bottom-large:10px;--awb-spacing-left-large:5.76%;--awb-width-medium:100%;--awb-order-medium:0;--awb-spacing-right-medium:1.92%;--awb-spacing-left-medium:1.92%;--awb-width-small:100%;--awb-order-small:0;--awb-margin-top-small:0;--awb-spacing-right-small:1.92%;--awb-margin-bottom-small:0;--awb-spacing-left-small:1.92%;\" data-scroll-devices=\"small-visibility,medium-visibility,large-visibility\"><div class=\"fusion-column-wrapper fusion-column-has-shadow fusion-flex-justify-content-flex-start fusion-content-layout-column\"><div class=\"fusion-title title fusion-title-5 fusion-sep-none fusion-title-text fusion-title-size-three\" style=\"--awb-margin-top-small:0px;--awb-margin-right-small:0px;--awb-margin-bottom-small:20px;--awb-margin-left-small:0px;\"><h3 class=\"fusion-title-heading title-heading-left\" style=\"margin:0;\">Chiffres<br \/>\net messages cl\u00e9s<\/h3><\/div><div class=\"fusion-text fusion-text-6\"><p>Toutes les informations dont vous avez besoin pour communiquer sur la marque.<\/p>\n<\/div><div ><a class=\"fusion-button button-flat fusion-button-default-size button-default fusion-button-default button-4 fusion-button-default-span fusion-button-default-type border-orange\" target=\"_self\" href=\"https:\/\/brand.almapay.co\/fr\/chiffres-et-messages-cles\"><span class=\"fusion-button-text awb-button__text awb-button__text--default\">D\u00e9couvrir <\/span><\/a><\/div><\/div><\/div><\/div><\/div><div class=\"fusion-fullwidth fullwidth-box fusion-builder-row-3 fusion-flex-container has-pattern-background has-mask-background nonhundred-percent-fullwidth non-hundred-percent-height-scrolling\" style=\"--awb-border-radius-top-left:0px;--awb-border-radius-top-right:0px;--awb-border-radius-bottom-right:0px;--awb-border-radius-bottom-left:0px;--awb-margin-top-small:20px;--awb-flex-wrap:wrap;\" ><div class=\"fusion-builder-row fusion-row fusion-flex-align-items-flex-start fusion-flex-content-wrap\" style=\"max-width:1144px;margin-left: calc(-4% \/ 2 );margin-right: calc(-4% \/ 2 );\"><div class=\"fusion-layout-column fusion_builder_column fusion-builder-column-6 fusion_builder_column_1_1 1_1 fusion-flex-column col-pre-footer\" style=\"--awb-padding-top:80px;--awb-padding-right:60px;--awb-padding-bottom:80px;--awb-padding-left:60px;--awb-padding-top-small:30px;--awb-padding-right-small:30px;--awb-padding-bottom-small:30px;--awb-padding-left-small:30px;--awb-overflow:hidden;--awb-bg-image:url(&#039;https:\/\/brand.almapay.co\/wp-content\/uploads\/2023\/12\/CTA.svg&#039;);--awb-bg-size:cover;--awb-border-radius:20px 20px 20px 20px;--awb-width-large:100%;--awb-margin-top-large:0px;--awb-spacing-right-large:1.92%;--awb-margin-bottom-large:0px;--awb-spacing-left-large:1.92%;--awb-width-medium:100%;--awb-order-medium:0;--awb-spacing-right-medium:1.92%;--awb-spacing-left-medium:1.92%;--awb-width-small:100%;--awb-order-small:0;--awb-spacing-right-small:1.92%;--awb-spacing-left-small:1.92%;\" data-scroll-devices=\"small-visibility,medium-visibility,large-visibility\"><div class=\"fusion-column-wrapper fusion-column-has-shadow fusion-flex-justify-content-flex-start fusion-content-layout-column fusion-column-has-bg-image\" data-bg-url=\"https:\/\/brand.almapay.co\/wp-content\/uploads\/2023\/12\/CTA.svg\"><div class=\"fusion-title title fusion-title-6 fusion-sep-none fusion-title-text fusion-title-size-two\" style=\"--awb-margin-top-small:0px;--awb-margin-right-small:0px;--awb-margin-bottom-small:20px;--awb-margin-left-small:0px;\"><h2 class=\"fusion-title-heading title-heading-left\" style=\"margin:0;\">Des questions ? Nous sommes l\u00e0<br \/>\npour vous r\u00e9pondre.<\/h2><\/div><div ><a class=\"fusion-button button-flat fusion-button-default-size button-default fusion-button-default button-5 fusion-button-default-span fusion-button-default-type\" target=\"_self\" href=\"https:\/\/brand.almapay.co\/fr\/contact\"><span class=\"fusion-button-text awb-button__text awb-button__text--default\">Demandez \u00e0 l&rsquo;\u00e9quipe<\/span><\/a><\/div><\/div><\/div><\/div><\/div><\/p>\n","protected":false},"excerpt":{"rendered":"","protected":false},"author":13,"featured_media":0,"parent":0,"menu_order":0,"comment_status":"closed","ping_status":"closed","template":"100-width.php","meta":{"footnotes":""},"class_list":["post-3661","page","type-page","status-publish","hentry"],"yoast_head":"<!-- This site is optimized with the Yoast SEO plugin v27.5 - https:\/\/yoast.com\/product\/yoast-seo-wordpress\/ -->\n<title>D\u00e9couvrez Alma : Votre porte d&#039;entr\u00e9e pour un commerce simplifi\u00e9<\/title>\n<meta name=\"description\" content=\"ALMA simplifie le commerce en vous mettant en relation avec les commer\u00e7ants et les consommateurs, afin que vous puissiez acheter, vendre et vivre \u00e0 votre rythme.\" \/>\n<meta name=\"robots\" content=\"index, follow, max-snippet:-1, max-image-preview:large, max-video-preview:-1\" \/>\n<link rel=\"canonical\" href=\"https:\/\/brand.almapay.co\/fr\" \/>\n<meta property=\"og:locale\" content=\"fr_FR\" \/>\n<meta property=\"og:type\" content=\"article\" \/>\n<meta property=\"og:title\" content=\"D\u00e9couvrez Alma : Votre porte d&#039;entr\u00e9e pour un commerce simplifi\u00e9\" \/>\n<meta property=\"og:description\" content=\"ALMA simplifie le commerce en vous mettant en relation avec les commer\u00e7ants et les consommateurs, afin que vous puissiez acheter, vendre et vivre \u00e0 votre rythme.\" \/>\n<meta property=\"og:url\" content=\"https:\/\/brand.almapay.co\/fr\" \/>\n<meta property=\"og:site_name\" content=\"Alma\" \/>\n<meta property=\"article:modified_time\" content=\"2024-01-29T08:10:31+00:00\" \/>\n<meta name=\"twitter:card\" content=\"summary_large_image\" \/>\n<meta name=\"twitter:label1\" content=\"Dur\u00e9e de lecture estim\u00e9e\" \/>\n\t<meta name=\"twitter:data1\" content=\"43 minutes\" \/>\n<script type=\"application\/ld+json\" class=\"yoast-schema-graph\">{\"@context\":\"https:\\\/\\\/schema.org\",\"@graph\":[{\"@type\":\"WebPage\",\"@id\":\"https:\\\/\\\/brand.almapay.co\\\/fr\",\"url\":\"https:\\\/\\\/brand.almapay.co\\\/fr\",\"name\":\"D\u00e9couvrez Alma : Votre porte d'entr\u00e9e pour un commerce simplifi\u00e9\",\"isPartOf\":{\"@id\":\"https:\\\/\\\/brand.almapay.co\\\/fr#website\"},\"datePublished\":\"2022-10-07T11:51:03+00:00\",\"dateModified\":\"2024-01-29T08:10:31+00:00\",\"description\":\"ALMA simplifie le commerce en vous mettant en relation avec les commer\u00e7ants et les consommateurs, afin que vous puissiez acheter, vendre et vivre \u00e0 votre rythme.\",\"breadcrumb\":{\"@id\":\"https:\\\/\\\/brand.almapay.co\\\/fr#breadcrumb\"},\"inLanguage\":\"fr-FR\",\"potentialAction\":[{\"@type\":\"ReadAction\",\"target\":[\"https:\\\/\\\/brand.almapay.co\\\/fr\"]}]},{\"@type\":\"BreadcrumbList\",\"@id\":\"https:\\\/\\\/brand.almapay.co\\\/fr#breadcrumb\",\"itemListElement\":[{\"@type\":\"ListItem\",\"position\":1,\"name\":\"Home\",\"item\":\"https:\\\/\\\/brand.almapay.co\\\/fr\"},{\"@type\":\"ListItem\",\"position\":2,\"name\":\"Page d&#8217;accueil\"}]},{\"@type\":\"WebSite\",\"@id\":\"https:\\\/\\\/brand.almapay.co\\\/fr#website\",\"url\":\"https:\\\/\\\/brand.almapay.co\\\/fr\",\"name\":\"Alma\",\"description\":\"Portal\",\"publisher\":{\"@id\":\"https:\\\/\\\/brand.almapay.co\\\/fr#organization\"},\"potentialAction\":[{\"@type\":\"SearchAction\",\"target\":{\"@type\":\"EntryPoint\",\"urlTemplate\":\"https:\\\/\\\/brand.almapay.co\\\/fr?s={search_term_string}\"},\"query-input\":{\"@type\":\"PropertyValueSpecification\",\"valueRequired\":true,\"valueName\":\"search_term_string\"}}],\"inLanguage\":\"fr-FR\"},{\"@type\":\"Organization\",\"@id\":\"https:\\\/\\\/brand.almapay.co\\\/fr#organization\",\"name\":\"Alma\",\"url\":\"https:\\\/\\\/brand.almapay.co\\\/fr\",\"logo\":{\"@type\":\"ImageObject\",\"inLanguage\":\"fr-FR\",\"@id\":\"https:\\\/\\\/brand.almapay.co\\\/fr#\\\/schema\\\/logo\\\/image\\\/\",\"url\":\"https:\\\/\\\/brand.almapay.co\\\/wp-content\\\/uploads\\\/2023\\\/11\\\/Clear-space-white.svg\",\"contentUrl\":\"https:\\\/\\\/brand.almapay.co\\\/wp-content\\\/uploads\\\/2023\\\/11\\\/Clear-space-white.svg\",\"width\":625,\"height\":313,\"caption\":\"Alma\"},\"image\":{\"@id\":\"https:\\\/\\\/brand.almapay.co\\\/fr#\\\/schema\\\/logo\\\/image\\\/\"}}]}<\/script>\n<!-- \/ Yoast SEO plugin. -->","yoast_head_json":{"title":"D\u00e9couvrez Alma : Votre porte d'entr\u00e9e pour un commerce simplifi\u00e9","description":"ALMA simplifie le commerce en vous mettant en relation avec les commer\u00e7ants et les consommateurs, afin que vous puissiez acheter, vendre et vivre \u00e0 votre rythme.","robots":{"index":"index","follow":"follow","max-snippet":"max-snippet:-1","max-image-preview":"max-image-preview:large","max-video-preview":"max-video-preview:-1"},"canonical":"https:\/\/brand.almapay.co\/fr","og_locale":"fr_FR","og_type":"article","og_title":"D\u00e9couvrez Alma : Votre porte d'entr\u00e9e pour un commerce simplifi\u00e9","og_description":"ALMA simplifie le commerce en vous mettant en relation avec les commer\u00e7ants et les consommateurs, afin que vous puissiez acheter, vendre et vivre \u00e0 votre rythme.","og_url":"https:\/\/brand.almapay.co\/fr","og_site_name":"Alma","article_modified_time":"2024-01-29T08:10:31+00:00","twitter_card":"summary_large_image","twitter_misc":{"Dur\u00e9e de lecture estim\u00e9e":"43 minutes"},"schema":{"@context":"https:\/\/schema.org","@graph":[{"@type":"WebPage","@id":"https:\/\/brand.almapay.co\/fr","url":"https:\/\/brand.almapay.co\/fr","name":"D\u00e9couvrez Alma : Votre porte d'entr\u00e9e pour un commerce simplifi\u00e9","isPartOf":{"@id":"https:\/\/brand.almapay.co\/fr#website"},"datePublished":"2022-10-07T11:51:03+00:00","dateModified":"2024-01-29T08:10:31+00:00","description":"ALMA simplifie le commerce en vous mettant en relation avec les commer\u00e7ants et les consommateurs, afin que vous puissiez acheter, vendre et vivre \u00e0 votre rythme.","breadcrumb":{"@id":"https:\/\/brand.almapay.co\/fr#breadcrumb"},"inLanguage":"fr-FR","potentialAction":[{"@type":"ReadAction","target":["https:\/\/brand.almapay.co\/fr"]}]},{"@type":"BreadcrumbList","@id":"https:\/\/brand.almapay.co\/fr#breadcrumb","itemListElement":[{"@type":"ListItem","position":1,"name":"Home","item":"https:\/\/brand.almapay.co\/fr"},{"@type":"ListItem","position":2,"name":"Page d&#8217;accueil"}]},{"@type":"WebSite","@id":"https:\/\/brand.almapay.co\/fr#website","url":"https:\/\/brand.almapay.co\/fr","name":"Alma","description":"Portal","publisher":{"@id":"https:\/\/brand.almapay.co\/fr#organization"},"potentialAction":[{"@type":"SearchAction","target":{"@type":"EntryPoint","urlTemplate":"https:\/\/brand.almapay.co\/fr?s={search_term_string}"},"query-input":{"@type":"PropertyValueSpecification","valueRequired":true,"valueName":"search_term_string"}}],"inLanguage":"fr-FR"},{"@type":"Organization","@id":"https:\/\/brand.almapay.co\/fr#organization","name":"Alma","url":"https:\/\/brand.almapay.co\/fr","logo":{"@type":"ImageObject","inLanguage":"fr-FR","@id":"https:\/\/brand.almapay.co\/fr#\/schema\/logo\/image\/","url":"https:\/\/brand.almapay.co\/wp-content\/uploads\/2023\/11\/Clear-space-white.svg","contentUrl":"https:\/\/brand.almapay.co\/wp-content\/uploads\/2023\/11\/Clear-space-white.svg","width":625,"height":313,"caption":"Alma"},"image":{"@id":"https:\/\/brand.almapay.co\/fr#\/schema\/logo\/image\/"}}]}},"_links":{"self":[{"href":"https:\/\/brand.almapay.co\/fr\/wp-json\/wp\/v2\/pages\/3661","targetHints":{"allow":["GET"]}}],"collection":[{"href":"https:\/\/brand.almapay.co\/fr\/wp-json\/wp\/v2\/pages"}],"about":[{"href":"https:\/\/brand.almapay.co\/fr\/wp-json\/wp\/v2\/types\/page"}],"author":[{"embeddable":true,"href":"https:\/\/brand.almapay.co\/fr\/wp-json\/wp\/v2\/users\/13"}],"replies":[{"embeddable":true,"href":"https:\/\/brand.almapay.co\/fr\/wp-json\/wp\/v2\/comments?post=3661"}],"version-history":[{"count":11,"href":"https:\/\/brand.almapay.co\/fr\/wp-json\/wp\/v2\/pages\/3661\/revisions"}],"predecessor-version":[{"id":5525,"href":"https:\/\/brand.almapay.co\/fr\/wp-json\/wp\/v2\/pages\/3661\/revisions\/5525"}],"wp:attachment":[{"href":"https:\/\/brand.almapay.co\/fr\/wp-json\/wp\/v2\/media?parent=3661"}],"curies":[{"name":"wp","href":"https:\/\/api.w.org\/{rel}","templated":true}]}}